{"id":66,"date":"2023-06-27T16:12:53","date_gmt":"2023-06-27T16:12:53","guid":{"rendered":"https:\/\/buergerforum.blog\/?page_id=66"},"modified":"2023-06-27T16:52:48","modified_gmt":"2023-06-27T16:52:48","slug":"66-2","status":"publish","type":"page","link":"https:\/\/buergerforum.blog\/?page_id=66","title":{"rendered":"TheaterKritik und Buchempfehlungen"},"content":{"rendered":"\n<h3 class=\"wp-block-heading\">Manipulation und Desinformation in der Gemeinde Aidhausen &#8211; ein bemerkenswertes St\u00fcck des absurden Theaters<\/h3>\n\n\n\n<p>Wie weit darf ein B\u00fcrgermeister bei der Beeinflussung der \u00f6ffentlichen Meinung gehen? Wieviel unbewiesene Behauptungen, vage Andeutungen und eindeutige Unwahrheiten sind noch legitim.<\/p>\n\n\n\n<p>Kann es sein, dass sich ein B\u00fcrgermeister nach 20 Jahren als Darsteller im politischen Betrieb der kommunalen Selbstverwaltung von den Grunds\u00e4tzen des menschlichen Miteinanders entfernt hat und dies gleichzeitig anderen unterstellt?<\/p>\n\n\n\n<div class=\"wp-block-group is-layout-constrained\"><div class=\"wp-block-group__inner-container\">\n<h4 class=\"wp-block-heading\">Zitate:<\/h4>\n\n\n\n<h4 class=\"wp-block-heading\">&#8222;<em>&#8230; die <strong>Gemeinde Aidhausen<\/strong> das Projekt nicht unterst\u00fctzt &#8230;&#8220;<\/em><\/h4>\n\n\n\n<h4 class=\"wp-block-heading\">&#8222;&#8230; k\u00fcndigt die <strong>Gemeinde Aidhausen<\/strong> den Pachtvertrag &#8230;&#8220;<\/h4>\n\n\n\n<h4 class=\"wp-block-heading\">&#8222;&#8230; k\u00fcndigt die <strong>Gemeinde Aidhausen<\/strong> den Mietvertrag &#8230;&#8220; <br><br>Immer <strong>ohne<\/strong> Wissen des Gemeinderates!<\/h4>\n\n\n\n<p><\/p>\n<\/div><\/div>\n\n\n\n<h2 class=\"wp-block-heading\">Buchempfehlungen<\/h2>\n\n\n\n<p id=\"block-95600d65-1ff0-41e1-8478-4f4042d07b66\">Auf dieser Seite soll auf Literatur hingewiesen werden, die dem besseren Verst\u00e4ndis der Realit\u00e4ten einer kommunalen Selbstverwaltung dienen k\u00f6nnten.<\/p>\n\n\n\n<h3 class=\"wp-block-heading\" id=\"block-5bf00502-df6c-4b4d-908b-4125a02a6305\"><em><strong>Das Schloss<\/strong><\/em> von Franz Kafka<\/h3>\n\n\n\n<p id=\"block-d8583eca-2755-4869-a1a4-d45111f49be8\">Zitat: &#8222;Das Schloss kann auch als eine Kritik an autorit\u00e4r gef\u00fchrter Verwaltungen verstanden werden. In deren Strukturen und in der Unterw\u00fcrfigkeit der mancher Dorfbewohner sind totalit\u00e4re Tendenzen erkennbar.&#8220;<\/p>\n\n\n\n<p id=\"block-c898bb70-aab4-4fcd-87f5-ae270f41c64f\">Quelle: https:\/\/www.getabstract.com\/de\/zusammenfassung\/das-schloss\/5309<\/p>\n\n\n\n<p id=\"block-770617fb-8413-4014-b43e-52bd3be3b0d5\">Eine wichtige Informationsschrift f\u00fcr alle in der kommunalen Selbstverwaltung.<\/p>\n\n\n\n<p id=\"block-5f4dd13c-7a70-468a-bf0e-c7a05e6ae358\">Zwar gibt es noch Schwierigkeiten bei der Umsetzung, dies wird sich in der Zukunft aber sicher noch bessern<\/p>\n","protected":false},"excerpt":{"rendered":"<p>Manipulation und Desinformation in der Gemeinde Aidhausen &#8211; ein bemerkenswertes St\u00fcck des absurden Theaters Wie weit darf ein B\u00fcrgermeister bei der Beeinflussung der \u00f6ffentlichen Meinung gehen? Wieviel unbewiesene Behauptungen, vage Andeutungen und eindeutige Unwahrheiten sind noch legitim. Kann es sein,<\/p>\n","protected":false},"author":1,"featured_media":0,"parent":0,"menu_order":0,"comment_status":"closed","ping_status":"closed","template":"","meta":[],"_links":{"self":[{"href":"https:\/\/buergerforum.blog\/index.php?rest_route=\/wp\/v2\/pages\/66"}],"collection":[{"href":"https:\/\/buergerforum.blog\/index.php?rest_route=\/wp\/v2\/pages"}],"about":[{"href":"https:\/\/buergerforum.blog\/index.php?rest_route=\/wp\/v2\/types\/page"}],"author":[{"embeddable":true,"href":"https:\/\/buergerforum.blog\/index.php?rest_route=\/wp\/v2\/users\/1"}],"replies":[{"embeddable":true,"href":"https:\/\/buergerforum.blog\/index.php?rest_route=%2Fwp%2Fv2%2Fcomments&post=66"}],"version-history":[{"count":4,"href":"https:\/\/buergerforum.blog\/index.php?rest_route=\/wp\/v2\/pages\/66\/revisions"}],"predecessor-version":[{"id":76,"href":"https:\/\/buergerforum.blog\/index.php?rest_route=\/wp\/v2\/pages\/66\/revisions\/76"}],"wp:attachment":[{"href":"https:\/\/buergerforum.blog\/index.php?rest_route=%2Fwp%2Fv2%2Fmedia&parent=66"}],"curies":[{"name":"wp","href":"https:\/\/api.w.org\/{rel}","templated":true}]}}