{"id":79,"date":"2023-07-01T10:17:55","date_gmt":"2023-07-01T10:17:55","guid":{"rendered":"https:\/\/buergerforum.blog\/?page_id=79"},"modified":"2023-07-01T15:22:55","modified_gmt":"2023-07-01T15:22:55","slug":"buergerforum","status":"publish","type":"page","link":"https:\/\/buergerforum.blog\/?page_id=79","title":{"rendered":"Sinn und Zweck dieser Seiten"},"content":{"rendered":"\n<h1 class=\"wp-block-heading\">Sinn und Zweck dieser Seiten:<\/h1>\n\n\n\n<h2 class=\"wp-block-heading\"><strong>&#8230; B\u00fcrgerForum? Was ist das und was soll das bezwecken?<\/strong><\/h2>\n\n\n\n<p>Unsere Gesellschaft wird getragen durch das Engagement der B\u00fcrger. Dabei sind die Kommunen in einer Zivilgesellschaft der zentrale Ort der politischen Teilhabe. Um diese zu erm\u00f6glichen ist es notwendig, die B\u00fcrger \u00fcber die Angelegenheiten der Kommune zu informieren und m\u00f6glichst auch in die Entscheidungsprozesse einzubeziehen.<\/p>\n\n\n\n<p><br>Die kommunale Selbstverwaltung ist keine &#8222;Pr\u00e4sidialdemokratie&#8220;, auch wenn dies in vielen Kommunen so praktiziert und noch immer von vielen akzeptiert wird. Zwar hat ein B\u00fcrgermeister als Chef der Verwaltung eine starke Stellung, wird diese jedoch nicht ausschlie\u00dflich zum Wohle der Allgemeinheit genutzt, ist dies nicht legitim. Wenn in der Folge B\u00fcrger dann resignieren und ihr ehrenamtliches Engagement aufgeben, hat dies zudem eine fatale Wirkung auf unsere Zivilgesellschaft.<br><\/p>\n\n\n\n<p>Dieses B\u00fcrgerForum soll als Informationquelle dienen und die M\u00f6glichkeit bieten, \u00f6ffentlich \u00fcber kommunale Angelegenheiten zu diskutieren. Dazu geh\u00f6rt auch der kritische Blick auf fr\u00fchere oder aktuelle Entscheidungen bzw. Projekte der Gemeindeverwaltung. Dass dies auch Widerspruch erzeugt, liegt in der Natur der Sache. Diesen Widerspruch in einen konstruktiven \u00f6ffentlichen Diskurs einzubringen, zeugt aber von einem zeitgem\u00e4\u00dfen Demokrativerst\u00e4ndnis. Dieses Forum dient nicht dazu Gemeinder\u00e4te oder B\u00fcrgermeister zu diskreditieren. Eine ungesch\u00f6nte Darstellung von Fakten oder die Frage nach dem Verst\u00e4ndnis eines Amtes mag manche eventuell irritieren. Dies stellt jedoch nicht Ziel und Anspruch dieses Forums in Frage, sondern zeigt im Gegenteil die Notwendigkeit eines \u00f6ffentlichen Diskurses zu kommunalen Projekten und Verwaltungsvorg\u00e4ngen.<\/p>\n","protected":false},"excerpt":{"rendered":"<p>Sinn und Zweck dieser Seiten: &#8230; B\u00fcrgerForum? Was ist das und was soll das bezwecken? Unsere Gesellschaft wird getragen durch das Engagement der B\u00fcrger. Dabei sind die Kommunen in einer Zivilgesellschaft der zentrale Ort der politischen Teilhabe. Um diese zu<\/p>\n","protected":false},"author":1,"featured_media":0,"parent":0,"menu_order":0,"comment_status":"closed","ping_status":"closed","template":"","meta":[],"_links":{"self":[{"href":"https:\/\/buergerforum.blog\/index.php?rest_route=\/wp\/v2\/pages\/79"}],"collection":[{"href":"https:\/\/buergerforum.blog\/index.php?rest_route=\/wp\/v2\/pages"}],"about":[{"href":"https:\/\/buergerforum.blog\/index.php?rest_route=\/wp\/v2\/types\/page"}],"author":[{"embeddable":true,"href":"https:\/\/buergerforum.blog\/index.php?rest_route=\/wp\/v2\/users\/1"}],"replies":[{"embeddable":true,"href":"https:\/\/buergerforum.blog\/index.php?rest_route=%2Fwp%2Fv2%2Fcomments&post=79"}],"version-history":[{"count":4,"href":"https:\/\/buergerforum.blog\/index.php?rest_route=\/wp\/v2\/pages\/79\/revisions"}],"predecessor-version":[{"id":101,"href":"https:\/\/buergerforum.blog\/index.php?rest_route=\/wp\/v2\/pages\/79\/revisions\/101"}],"wp:attachment":[{"href":"https:\/\/buergerforum.blog\/index.php?rest_route=%2Fwp%2Fv2%2Fmedia&parent=79"}],"curies":[{"name":"wp","href":"https:\/\/api.w.org\/{rel}","templated":true}]}}